{"id":21,"date":"2014-05-26T18:52:15","date_gmt":"2014-05-26T16:52:15","guid":{"rendered":"http:\/\/verdensvevet.com\/butikkjen\/?page_id=21"},"modified":"2015-04-17T19:44:30","modified_gmt":"2015-04-17T17:44:30","slug":"ragnarok2014","status":"publish","type":"page","link":"http:\/\/verdensvevet.com\/butikkjen\/ragnarok2014\/","title":{"rendered":"Ragnarok2014"},"content":{"rendered":"<p>Interesseside skr\u00e5strek &laquo;fagforum&raquo; for oss som deltok p\u00e5 &laquo;Ragnarok 2014 &#8211; en uventet reise&raquo;.<\/p>\n<p>F\u00f8rste teaser er klar:<\/p>\n<p>https:\/\/www.youtube.com\/watch?v=DcnwtZ35HUs<\/p>\n<p>For dykk musikk intersserte:<\/p>\n<p>https:\/\/www.youtube.com\/watch?v=xc8JX1zck60<\/p>\n<p>Og for dykk som e endo meir spesielt interessert:<\/p>\n<p><a href=\"https:\/\/youtu.be\/wi0wZxL96vY\">wi0wZxL96vY<\/a><\/p>\n","protected":false},"excerpt":{"rendered":"<p>Interesseside skr\u00e5strek &laquo;fagforum&raquo; for oss som deltok p\u00e5 &laquo;Ragnarok 2014 &#8211; en uventet reise&raquo;. F\u00f8rste teaser er klar: https:\/\/www.youtube.com\/watch?v=DcnwtZ35HUs For dykk musikk intersserte: https:\/\/www.youtube.com\/watch?v=xc8JX1zck60 Og for dykk som e endo meir spesielt interessert: wi0wZxL96vY<\/p>\n","protected":false},"author":1,"featured_media":0,"parent":0,"menu_order":0,"comment_status":"closed","ping_status":"closed","template":"","meta":[],"_links":{"self":[{"href":"http:\/\/verdensvevet.com\/butikkjen\/wp-json\/wp\/v2\/pages\/21"}],"collection":[{"href":"http:\/\/verdensvevet.com\/butikkjen\/wp-json\/wp\/v2\/pages"}],"about":[{"href":"http:\/\/verdensvevet.com\/butikkjen\/wp-json\/wp\/v2\/types\/page"}],"author":[{"embeddable":true,"href":"http:\/\/verdensvevet.com\/butikkjen\/wp-json\/wp\/v2\/users\/1"}],"replies":[{"embeddable":true,"href":"http:\/\/verdensvevet.com\/butikkjen\/wp-json\/wp\/v2\/comments?post=21"}],"version-history":[{"count":14,"href":"http:\/\/verdensvevet.com\/butikkjen\/wp-json\/wp\/v2\/pages\/21\/revisions"}],"predecessor-version":[{"id":40,"href":"http:\/\/verdensvevet.com\/butikkjen\/wp-json\/wp\/v2\/pages\/21\/revisions\/40"}],"wp:attachment":[{"href":"http:\/\/verdensvevet.com\/butikkjen\/wp-json\/wp\/v2\/media?parent=21"}],"curies":[{"name":"wp","href":"https:\/\/api.w.org\/{rel}","templated":true}]}}